{"id":350,"date":"2019-09-08T23:23:43","date_gmt":"2019-09-08T21:23:43","guid":{"rendered":"https:\/\/floorball.vfl-platte-heide.de\/?page_id=350"},"modified":"2023-02-05T10:17:31","modified_gmt":"2023-02-05T09:17:31","slug":"floorballspielvarianten","status":"publish","type":"page","link":"https:\/\/floorball.vfl-platte-heide.de\/?page_id=350","title":{"rendered":"FloorballSpielvarianten"},"content":{"rendered":"<p>[et_pb_section fb_built=&#8220;1&#8243; _builder_version=&#8220;4.16&#8243; global_colors_info=&#8220;{}&#8220;][et_pb_row _builder_version=&#8220;4.16&#8243; global_colors_info=&#8220;{}&#8220;][et_pb_column type=&#8220;4_4&#8243; _builder_version=&#8220;4.16&#8243; global_colors_info=&#8220;{}&#8220;][et_pb_text _builder_version=&#8220;4.16&#8243; global_colors_info=&#8220;{}&#8220;]<\/p>\n<h3 style=\"text-align: center;\"><strong>Hier ein kleiner \u00dcberblick zu den einzelnen Floorball-Spielvarianten<\/strong><\/h3>\n<p>[\/et_pb_text][\/et_pb_column][\/et_pb_row][\/et_pb_section][et_pb_section fb_built=&#8220;1&#8243; _builder_version=&#8220;4.16&#8243; min_height=&#8220;57px&#8220; custom_padding=&#8220;0px|||||&#8220; global_colors_info=&#8220;{}&#8220;][et_pb_row column_structure=&#8220;1_3,1_3,1_3&#8243; _builder_version=&#8220;4.16&#8243; global_colors_info=&#8220;{}&#8220;][et_pb_column type=&#8220;1_3&#8243; _builder_version=&#8220;4.16&#8243; global_colors_info=&#8220;{}&#8220;][et_pb_text _builder_version=&#8220;4.16&#8243; global_colors_info=&#8220;{}&#8220;]<\/p>\n<h3 style=\"text-align: right;\"><strong>Gro\u00dffeld<\/strong><\/h3>\n<p>[\/et_pb_text][\/et_pb_column][et_pb_column type=&#8220;1_3&#8243; _builder_version=&#8220;4.16&#8243; global_colors_info=&#8220;{}&#8220;][et_pb_text _builder_version=&#8220;4.16&#8243; custom_padding=&#8220;|||102px||&#8220; global_colors_info=&#8220;{}&#8220;]<\/p>\n<h3 style=\"text-align: right;\"><strong>Kleinfeld<\/strong><\/h3>\n<p>[\/et_pb_text][\/et_pb_column][et_pb_column type=&#8220;1_3&#8243; _builder_version=&#8220;4.16&#8243; global_colors_info=&#8220;{}&#8220;][et_pb_text _builder_version=&#8220;4.16&#8243; global_colors_info=&#8220;{}&#8220;]<\/p>\n<h3 style=\"text-align: center;\"><strong>Mixed<\/strong><\/h3>\n<p>[\/et_pb_text][\/et_pb_column][\/et_pb_row][\/et_pb_section][et_pb_section fb_built=&#8220;1&#8243; _builder_version=&#8220;4.16&#8243; custom_padding=&#8220;0px|||||&#8220; global_colors_info=&#8220;{}&#8220;][et_pb_row column_structure=&#8220;1_4,1_4,1_4,1_4&#8243; _builder_version=&#8220;4.16&#8243; global_colors_info=&#8220;{}&#8220;][et_pb_column type=&#8220;1_4&#8243; _builder_version=&#8220;4.16&#8243; global_colors_info=&#8220;{}&#8220;][et_pb_text _builder_version=&#8220;4.16&#8243; global_colors_info=&#8220;{}&#8220;]<\/p>\n<p>Spielfeldgr\u00f6\u00dfe<\/p>\n<p>Torgr\u00f6\u00dfe<\/p>\n<p>&nbsp;<\/p>\n<p>Spielzeit<\/p>\n<p>&nbsp;<\/p>\n<p>&nbsp;<\/p>\n<p>&nbsp;<\/p>\n<p>&nbsp;<\/p>\n<p>&nbsp;<\/p>\n<p>&nbsp;<\/p>\n<p>\u00a0Team<\/p>\n<p>&nbsp;<\/p>\n<p>&nbsp;<\/p>\n<p>[\/et_pb_text][\/et_pb_column][et_pb_column type=&#8220;1_4&#8243; _builder_version=&#8220;4.16&#8243; global_colors_info=&#8220;{}&#8220;][et_pb_text _builder_version=&#8220;4.16&#8243; custom_margin=&#8220;|||-44px||&#8220; global_colors_info=&#8220;{}&#8220;]<\/p>\n<p>40 x 20m<\/p>\n<p>160 x 115 cm<\/p>\n<p>&nbsp;<\/p>\n<p>3 x 20 Minuten mit 2 x 10 Minuten Pausen<\/p>\n<p>Die Zeit wird effektiv gemessen.<\/p>\n<p>Die Spielzeit wird immer angehalten bei einem Pfiff des Schiedsrichters.<\/p>\n<p>DIe Zeit l\u00e4uft erst wieder wenn der Ball gespielt wird.<\/p>\n<p>&nbsp;<\/p>\n<p>Maximal 20 Spieler pro Team<\/p>\n<p>Maximal 6 Spieler auf dem Spielfeld mit Torh\u00fcter<\/p>\n<p>Fester Torh\u00fcter tr\u00e4gt Schutzkleidung und hat keinen Schl\u00e4ger.<\/p>\n<p>[\/et_pb_text][\/et_pb_column][et_pb_column type=&#8220;1_4&#8243; _builder_version=&#8220;4.16&#8243; global_colors_info=&#8220;{}&#8220;][et_pb_text _builder_version=&#8220;4.16&#8243; width=&#8220;100%&#8220; global_colors_info=&#8220;{}&#8220;]<\/p>\n<p>28 x 16m<\/p>\n<p>160 x 115 cm<\/p>\n<p>&nbsp;<\/p>\n<p>2 x 20 Minuten mit einer 5 Minuten Pause<\/p>\n<p>Die Zeit wird <strong><span style=\"text-decoration: underline;\">NICHT<\/span><\/strong> effektiv gemessen.<\/p>\n<p>&nbsp;<\/p>\n<p>&nbsp;<\/p>\n<p>&nbsp;<\/p>\n<p>&nbsp;<\/p>\n<p>Maximal 14 Spieler pro Team<\/p>\n<p>Maximal 4 Spieler auf dem Spielfeld mit Torh\u00fcter<\/p>\n<p>Fester Torh\u00fcter tr\u00e4gt Schutzkleidung und hat keinen Schl\u00e4ger<\/p>\n<p>[\/et_pb_text][\/et_pb_column][et_pb_column type=&#8220;1_4&#8243; _builder_version=&#8220;4.16&#8243; global_colors_info=&#8220;{}&#8220;][et_pb_text _builder_version=&#8220;4.16&#8243; global_colors_info=&#8220;{}&#8220;]<\/p>\n<p>28 x 16m<\/p>\n<p>90 x 60 cm<\/p>\n<p>&nbsp;<\/p>\n<p>2 x 15 Minuten mit einer 5 Minuten Pause<\/p>\n<p>Die Zeit wird effektiv gemessen<\/p>\n<p>Die Spielzeit wird immer angehalten bei einem Pfiff des Schiedsrichters.<\/p>\n<p>Die Zeit l\u00e4uft erst weiter wenn der Ball gespielt wird.<\/p>\n<p>&nbsp;<\/p>\n<p>Maximal 14 Spieler pro Team<\/p>\n<p>Maximal 4 Spieler\u00a0 auf dem Spielfeld<\/p>\n<p>Immer 2 weibliche und 2 m\u00e4nnliche Spieler<\/p>\n<p>Kein fester Torh\u00fcter (hinterster Spieler soll\/muss Tore verhindern)<\/p>\n<p>Alle Spieler haben einen Schl\u00e4ger<\/p>\n<p>[\/et_pb_text][\/et_pb_column][\/et_pb_row][\/et_pb_section][et_pb_section fb_built=&#8220;1&#8243; _builder_version=&#8220;4.16&#8243; global_colors_info=&#8220;{}&#8220;][et_pb_row column_structure=&#8220;1_2,1_2&#8243; _builder_version=&#8220;4.16&#8243; width=&#8220;89%&#8220; max_width=&#8220;1182px&#8220; global_colors_info=&#8220;{}&#8220;][et_pb_column type=&#8220;1_2&#8243; _builder_version=&#8220;4.16&#8243; global_colors_info=&#8220;{}&#8220;][et_pb_image src=&#8220;https:\/\/floorball.vfl-platte-heide.de\/wp-content\/uploads\/2023\/02\/comp-IMG_3057-scaled.jpg&#8220; show_in_lightbox=&#8220;on&#8220; _builder_version=&#8220;4.19.5&#8243; max_width=&#8220;57%&#8220; hover_enabled=&#8220;0&#8243; global_colors_info=&#8220;{}&#8220; title_text=&#8220;comp-IMG_3057&#8243; sticky_enabled=&#8220;0&#8243;][\/et_pb_image][\/et_pb_column][et_pb_column type=&#8220;1_2&#8243; _builder_version=&#8220;4.16&#8243; global_colors_info=&#8220;{}&#8220;][et_pb_image src=&#8220;https:\/\/floorball.vfl-platte-heide.de\/wp-content\/uploads\/2023\/02\/comp-IMG_2837-scaled.jpg&#8220; show_in_lightbox=&#8220;on&#8220; _builder_version=&#8220;4.19.5&#8243; hover_enabled=&#8220;0&#8243; global_colors_info=&#8220;{}&#8220; title_text=&#8220;comp-IMG_2837&#8243; sticky_enabled=&#8220;0&#8243;][\/et_pb_image][\/et_pb_column][\/et_pb_row][\/et_pb_section]<\/p>\n","protected":false},"excerpt":{"rendered":"<p>Hier ein kleiner \u00dcberblick zu den einzelnen&#8230;<\/p>\n","protected":false},"author":2,"featured_media":0,"parent":0,"menu_order":0,"comment_status":"closed","ping_status":"closed","template":"","meta":{"_et_pb_use_builder":"on","_et_pb_old_content":"","_et_gb_content_width":"","footnotes":""},"class_list":["post-350","page","type-page","status-publish","hentry"],"_links":{"self":[{"href":"https:\/\/floorball.vfl-platte-heide.de\/index.php?rest_route=\/wp\/v2\/pages\/350","targetHints":{"allow":["GET"]}}],"collection":[{"href":"https:\/\/floorball.vfl-platte-heide.de\/index.php?rest_route=\/wp\/v2\/pages"}],"about":[{"href":"https:\/\/floorball.vfl-platte-heide.de\/index.php?rest_route=\/wp\/v2\/types\/page"}],"author":[{"embeddable":true,"href":"https:\/\/floorball.vfl-platte-heide.de\/index.php?rest_route=\/wp\/v2\/users\/2"}],"replies":[{"embeddable":true,"href":"https:\/\/floorball.vfl-platte-heide.de\/index.php?rest_route=%2Fwp%2Fv2%2Fcomments&post=350"}],"version-history":[{"count":1,"href":"https:\/\/floorball.vfl-platte-heide.de\/index.php?rest_route=\/wp\/v2\/pages\/350\/revisions"}],"predecessor-version":[{"id":642,"href":"https:\/\/floorball.vfl-platte-heide.de\/index.php?rest_route=\/wp\/v2\/pages\/350\/revisions\/642"}],"wp:attachment":[{"href":"https:\/\/floorball.vfl-platte-heide.de\/index.php?rest_route=%2Fwp%2Fv2%2Fmedia&parent=350"}],"curies":[{"name":"wp","href":"https:\/\/api.w.org\/{rel}","templated":true}]}}