{"id":41,"date":"2019-04-04T23:34:39","date_gmt":"2019-04-04T21:34:39","guid":{"rendered":"https:\/\/floorball.vfl-platte-heide.de\/?page_id=41"},"modified":"2023-02-21T23:32:30","modified_gmt":"2023-02-21T22:32:30","slug":"was-ist-floorball","status":"publish","type":"page","link":"https:\/\/floorball.vfl-platte-heide.de\/?page_id=41","title":{"rendered":"Was ist Floorball ?"},"content":{"rendered":"<p>[et_pb_section fb_built=&#8220;1&#8243; _builder_version=&#8220;4.16&#8243; global_colors_info=&#8220;{}&#8220;][et_pb_row _builder_version=&#8220;4.16&#8243; background_size=&#8220;initial&#8220; background_position=&#8220;top_left&#8220; background_repeat=&#8220;repeat&#8220; global_colors_info=&#8220;{}&#8220;][et_pb_column type=&#8220;4_4&#8243; _builder_version=&#8220;4.16&#8243; custom_padding=&#8220;|||&#8220; global_colors_info=&#8220;{}&#8220; custom_padding__hover=&#8220;|||&#8220;][et_pb_text _builder_version=&#8220;4.16&#8243; text_font=&#8220;||||||||&#8220; background_size=&#8220;initial&#8220; background_position=&#8220;top_left&#8220; background_repeat=&#8220;repeat&#8220; global_colors_info=&#8220;{}&#8220;]<\/p>\n<p style=\"text-align: center;\"><span style=\"font-size: large;\"><strong>Floorball<\/strong><\/span> ist ein in den 1970er Jahren in Schweden, Finnland und der Schweiz entwickeltes Stockballspiel, das Elemente aus Feld-<br \/> und Eishockey vereint. Die Sportart bietet sich f\u00fcr Sportinteressierte beider Geschlechter gleicherma\u00dfen gut an. Denn es kommt<br \/> weniger auf Kraft oder K\u00f6rpergr\u00f6\u00dfe als auf Wendigkeit, Geschwindigkeit und Technik an. Im Gegensatz zum Feldhockey werden sehr<br \/> leichte Kunststoffb\u00e4lle und -schl\u00e4ger verwendet. So ergibt sich ein sehr schnelles Mannschaftsspiel, das in der hier gespielten<br \/> &#8222;Mixed&#8220;-Variante ohne Torh\u00fcterin oder Torh\u00fcter und gro\u00dfen Materialeinsatz auskommt. Leicht erlernbare Technik und der Fokus auf<br \/> das Mannschaftsspiel machen die auch als Unihockey, Innebandy oder Salibandy bekannte Sportart sehr einstiegsfreundlich.<\/p>\n<p style=\"text-align: center;\">Es sieht ein wenig so aus wie Eishockey ohne Eis. Und ist aber genau so dynamisch wie Hallenhockey, nur etwas simpler. Auf 40 mal<br \/> 20 Metern Hallenboden wird gespielt, mit bunten Schl\u00e4gern, die am Ende eine gekr\u00fcmmte d\u00fcnne Kelle aus Kunststoff haben. Der<br \/> Kunststoffball hat L\u00f6cher. Es gibt sechs Anspielpunkte auf dem Feld, zwei Strafb\u00e4nke und zwei Spielerb\u00e4nke. Fr\u00fcher hie\u00df das<br \/> Spiel lange Unihockey, l\u00e4nger schon hei\u00dft es nun Floorball.<\/p>\n<p>[\/et_pb_text][\/et_pb_column][\/et_pb_row][et_pb_row _builder_version=&#8220;4.16&#8243; global_colors_info=&#8220;{}&#8220;][et_pb_column type=&#8220;4_4&#8243; _builder_version=&#8220;4.16&#8243; custom_padding=&#8220;|||&#8220; global_colors_info=&#8220;{}&#8220; custom_padding__hover=&#8220;|||&#8220;][et_pb_image src=&#8220;https:\/\/floorball.vfl-platte-heide.de\/wp-content\/uploads\/2023\/02\/comp-IMG_2848-scaled.jpg&#8220; title_text=&#8220;comp-IMG_2848&#8243; show_in_lightbox=&#8220;on&#8220; align_tablet=&#8220;center&#8220; align_phone=&#8220;&#8220; align_last_edited=&#8220;on|desktop&#8220; _builder_version=&#8220;4.20.0&#8243; hover_enabled=&#8220;0&#8243; global_colors_info=&#8220;{}&#8220; sticky_enabled=&#8220;0&#8243;][\/et_pb_image][\/et_pb_column][\/et_pb_row][et_pb_row column_structure=&#8220;1_2,1_2&#8243; _builder_version=&#8220;4.16&#8243; global_colors_info=&#8220;{}&#8220;][et_pb_column type=&#8220;1_2&#8243; _builder_version=&#8220;4.16&#8243; custom_padding=&#8220;|||&#8220; global_colors_info=&#8220;{}&#8220; custom_padding__hover=&#8220;|||&#8220;][et_pb_text _builder_version=&#8220;4.16&#8243; global_colors_info=&#8220;{}&#8220;]<\/p>\n<p><span style=\"text-decoration: underline;\"><strong>Gro\u00dffeld<\/strong><\/span><\/p>\n<p>Das Gro\u00dffeld wird von einer 50 cm hohen, abgerundeten Bande umschlossen. Das Spielfeld ist 40 m lang und 20 m breit. <br \/>Es wird nahegelegt, einen Sturzraum von mindestens 50 cm frei zu lassen.<\/p>\n<p><span style=\"text-decoration: underline;\"><strong>Kleinfeld<\/strong><\/span><\/p>\n<p>Das Kleinfeld wird von einer abgerundeten Bande umgeben, welche eine H\u00f6he von 50 cm haben muss. Das Spielfeld hat eine L\u00e4nge von 24 m und eine Breite von 14 m. Wie auch schon beim Gro\u00dffeld muss ein Sturzraum vom 50 cm vorhanden sein. <\/p>\n<p>&nbsp;<\/p>\n<p>[\/et_pb_text][\/et_pb_column][et_pb_column type=&#8220;1_2&#8243; _builder_version=&#8220;4.16&#8243; custom_padding=&#8220;|||&#8220; global_colors_info=&#8220;{}&#8220; custom_padding__hover=&#8220;|||&#8220;][et_pb_image src=&#8220;https:\/\/floorball.vfl-platte-heide.de\/wp-content\/uploads\/2019\/12\/comp_IMG_6068.jpg&#8220; show_in_lightbox=&#8220;on&#8220; align_tablet=&#8220;center&#8220; align_phone=&#8220;&#8220; align_last_edited=&#8220;on|desktop&#8220; _builder_version=&#8220;4.16&#8243; global_colors_info=&#8220;{}&#8220;][\/et_pb_image][\/et_pb_column][\/et_pb_row][et_pb_row column_structure=&#8220;1_2,1_2&#8243; _builder_version=&#8220;4.16&#8243; global_colors_info=&#8220;{}&#8220;][et_pb_column type=&#8220;1_2&#8243; _builder_version=&#8220;4.16&#8243; custom_padding=&#8220;|||&#8220; global_colors_info=&#8220;{}&#8220; custom_padding__hover=&#8220;|||&#8220;][et_pb_image src=&#8220;https:\/\/floorball.vfl-platte-heide.de\/wp-content\/uploads\/2019\/12\/comp_IMG_6055.jpg&#8220; show_in_lightbox=&#8220;on&#8220; align_tablet=&#8220;center&#8220; align_phone=&#8220;&#8220; align_last_edited=&#8220;on|desktop&#8220; _builder_version=&#8220;4.16&#8243; global_colors_info=&#8220;{}&#8220;][\/et_pb_image][\/et_pb_column][et_pb_column type=&#8220;1_2&#8243; _builder_version=&#8220;4.16&#8243; custom_padding=&#8220;|||&#8220; global_colors_info=&#8220;{}&#8220; custom_padding__hover=&#8220;|||&#8220;][et_pb_text _builder_version=&#8220;4.16&#8243; global_colors_info=&#8220;{}&#8220;]<\/p>\n<p><span style=\"font-size: large;\"><strong>Was ist Floorball f\u00fcr eine Sportart?<\/strong><\/span><br \/>Floorball ist eine leicht zu erlernende, tempo- und abwechslungsreiche Sportart, Es ist eine Sportart, die eine Mischung von Hallenhockey und Eishockey ist und von jedermann in der Halle gespielt werden kann.<br \/>Das Spiel ist leicht erlernbar und f\u00f6rdert\/fordert Kondition, Koordination,<br \/>Geschicklichkeit und Schnellkraftf\u00e4higkeit sowie Spielwitz eines jeden beteiligten Spielers.<br \/>Es wird in der Halle mit einer umlaufenden Bande mit einer H\u00f6he von 50cm gespielt. Floorball wird mit Kunststoffschl\u00e4gern gespielt, die etwas k\u00fcrzer als Eishockeyschl\u00e4ger sind.<br \/>Die Schl\u00e4ger sind ungef\u00e4hrlich und haben nicht das Verletzungsrisiko von h\u00f6lzernen Hockey- oder Eishockeyschl\u00e4gern!<br \/>Floorball wird mit einem Kunststoffball gespielt der hohl ist, viele L\u00f6cher hat und wiegt nur 26g.<br \/>Der Ball ist ungef\u00e4hrlich f\u00fcr die Spieler und hat nicht das Verletzungsrisiko von einem Hockey-Ball oder einem Eishockey-Puck.<br \/>Die Feldspieler brauchen keinen K\u00f6rperschutz oder Zahnschutz zu tragen,<br \/>da zudem nur der Ball und nicht der K\u00f6rper des Gegners gespielt wird (ganz im Gegensatz zum Eishockey).<\/p>\n<p><span style=\"text-decoration: underline;\"><strong>Hier noch die wichtigsten Spielregeln:<\/strong><\/span><br \/>Spielbeginn: mit Pressbulli<br \/>Ballannahme: mit dem K\u00f6rper ist erlaubt, jedoch nicht mit Kopf, Armen und H\u00e4nden.<br \/>Ballvorlage: einmaliges Vorlegen mit dem Fu\u00df zum eigenen Stock ist erlaubt, aber nicht zu einem Mitspieler.<br \/>Torwart: mit Schl\u00e4ger, darf Hand nehmen.<br \/>Es ist verboten: den Stock \u00fcber Knieh\u00f6he zu f\u00fchren, den Ball im Liegen oder Sitzen zu stoppen oder abzuspielen, mit dem Stock zwischen die Beine des Gegners zu fahren, Stockschl\u00e4ge auf Gegner und Stock, Stock festhalten,<br \/>K\u00f6rperschecks Blockieren des Balles, r\u00fcckw\u00e4rts auf den Gegner zuzugehen,<br \/>Freischlag: beim Freischlag muss der Gegner 3 m Abstand halten<br \/>Strafsto\u00df: wird von der Mitte des Spielfeldes auf das leere Tor geschossen.<br \/>Spieldauer: 2 mal 5 Minuten<br \/>Strafzeit: 1 Minute<\/p>\n<p>[\/et_pb_text][\/et_pb_column][\/et_pb_row][\/et_pb_section][et_pb_section fb_built=&#8220;1&#8243; _builder_version=&#8220;4.16&#8243; custom_padding=&#8220;13px|0px|46.8px|0px|false|false&#8220; global_colors_info=&#8220;{}&#8220;][et_pb_row _builder_version=&#8220;4.16&#8243; custom_padding=&#8220;23.4px|0px|23px|0px|false|false&#8220; global_colors_info=&#8220;{}&#8220;][et_pb_column type=&#8220;4_4&#8243; _builder_version=&#8220;4.16&#8243; custom_padding=&#8220;|||&#8220; global_colors_info=&#8220;{}&#8220; custom_padding__hover=&#8220;|||&#8220;][et_pb_text _builder_version=&#8220;4.19.5&#8243; global_colors_info=&#8220;{}&#8220;]<\/p>\n<p style=\"text-align: center;\"><span style=\"font-size: x-large;\"><strong>Floorball<\/strong><\/span><\/p>\n<p><span style=\"font-size: large;\">Floorball an sich ist \u00e4u\u00dferst schnell, sehr dynamisch und intensiv. Erfolgreiche Spieler m\u00fcssen ein hohes Ma\u00df an Fitness in Kraft und<\/span><br \/><span style=\"font-size: large;\">Ausdauer, aber auch Schnelligkeit und technischen F\u00e4higkeiten im Umgang mit Schl\u00e4ger und Ball haben. <\/span><span style=\"font-size: large;\">Dennoch bedarf es grunds\u00e4tzlich keiner besonderen Voraussetzungen, um das Spiel zu erlernen und ist deswegen der perfekte Sport f\u00fcr <\/span><span style=\"font-size: large;\">Kinder, Jugendliche und alle anderen Sportinteressierten.<\/span><\/p>\n<p><span style=\"font-size: large;\">Alles was ein Spieler ben\u00f6tigt, sind Sportsachen, einen Schl\u00e4ger und einen Ball. Die Schl\u00e4ger bestehen heutzutage meist aus Carbon und<\/span><br \/><span style=\"font-size: large;\"> wiegen nur wenige hundert Gramm. Der Ball wird aus Hartplastik gefertigt, ist rund, wiegt lediglich 23 Gramm und hat 26 L\u00f6cher. Bei <\/span><br \/><span style=\"font-size: large;\">einem optimalen Schuss sind Geschwindigkeiten bis zu 180 km\/h m\u00f6glich.<\/span> <span style=\"font-size: large;\">Gespielt wird im Herrenbereich auf einem Feld von 40\u00d720 Metern und das Spielfeld wird von einer 50cm hohen Bande umrandet. Wie beim <\/span><span style=\"font-size: large;\">Eishockey kann auch hinter dem Tor gespielt werden. Eine Mannschaft besteht aus f\u00fcnf Feldspielern und einem extra ausger\u00fcsteten Torh\u00fcter, <\/span><span style=\"font-size: large;\">der ohne Schl\u00e4ger agiert.<\/span><\/p>\n<p><span style=\"font-size: large;\">Speziell im Jugendbereich wird auch h\u00e4ufig noch die Kleinfeldvariante betrieben. Vom Prinzip \u00e4ndert sich hier nichts, aber es wird auf <\/span><br \/><span style=\"font-size: large;\">einem kleineren Feld und mit nur drei Feldspielern und einem Torh\u00fcter gespielt. Eine beliebte Freizeit- und Turnierspielform ist die <\/span><br \/><span style=\"font-size: large;\">Mixed-Variante. Das Feld hat die gleichen Abmessungen wie das Kleinfeld, allerdings wird hier ohne Torh\u00fcter gespielt und die Tore <\/span><br \/><span style=\"font-size: large;\">sind deutlich kleiner. Ein Team besteht stets aus Frauen und M\u00e4nnern.<\/span><\/p>\n<p>[\/et_pb_text][\/et_pb_column][\/et_pb_row][\/et_pb_section][et_pb_section fb_built=&#8220;1&#8243; _builder_version=&#8220;4.16&#8243; global_colors_info=&#8220;{}&#8220;][et_pb_row column_structure=&#8220;1_2,1_2&#8243; _builder_version=&#8220;4.16&#8243; global_colors_info=&#8220;{}&#8220;][et_pb_column type=&#8220;1_2&#8243; _builder_version=&#8220;4.16&#8243; global_colors_info=&#8220;{}&#8220;][et_pb_image src=&#8220;https:\/\/floorball.vfl-platte-heide.de\/wp-content\/uploads\/2022\/05\/comp_IMG_9979.jpg&#8220; title_text=&#8220;comp_IMG_9979&#8243; _builder_version=&#8220;4.17.4&#8243; _module_preset=&#8220;default&#8220; global_colors_info=&#8220;{}&#8220;][\/et_pb_image][\/et_pb_column][et_pb_column type=&#8220;1_2&#8243; _builder_version=&#8220;4.16&#8243; global_colors_info=&#8220;{}&#8220;][et_pb_image src=&#8220;https:\/\/floorball.vfl-platte-heide.de\/wp-content\/uploads\/2023\/02\/comp_IMG_2989-scaled.jpg&#8220; title_text=&#8220;comp_IMG_2989&#8243; show_in_lightbox=&#8220;on&#8220; _builder_version=&#8220;4.19.5&#8243; global_colors_info=&#8220;{}&#8220;][\/et_pb_image][\/et_pb_column][\/et_pb_row][\/et_pb_section]<\/p>\n","protected":false},"excerpt":{"rendered":"<p>Floorball ist ein in den 1970er Jahren in Schweden,&#8230;<\/p>\n","protected":false},"author":2,"featured_media":0,"parent":0,"menu_order":0,"comment_status":"closed","ping_status":"closed","template":"","meta":{"_et_pb_use_builder":"on","_et_pb_old_content":"<p>Floorball ist ein in den 1970er Jahren in Schweden, Finnland und der Schweiz entwickeltes Stockballspiel, das Elemente aus Feld- <br \/>und Eishockey vereint. Die Sportart bietet sich f\u00fcr Sportinteressierte beider Geschlechter gleicherma\u00dfen gut an. Denn es kommt <br \/>weniger auf Kraft oder K\u00f6rpergr\u00f6\u00dfe als auf Wendigkeit, Geschwindigkeit und Technik an. Im Gegensatz zum Feldhockey werden sehr <br \/>leichte Kunststoffb\u00e4lle und -schl\u00e4ger verwendet. So ergibt sich ein sehr schnelles Mannschaftsspiel, das in der hier gespielten <br \/>\"Mixed\"-Variante ohne Torh\u00fcterin oder Torh\u00fcter und gro\u00dfen Materialeinsatz auskommt. Leicht erlernbare Technik und der Fokus auf <br \/>das Mannschaftsspiel machen die auch als Unihockey, Innebandy oder Salibandy bekannte Sportart sehr einstiegsfreundlich.<\/p><p><br \/>Es sieht ein wenig so aus wie Eishockey ohne Eis. Und ist aber genau so dynamisch wie Hallenhockey, nur etwas simpler. Auf 40 mal<br \/>20 Metern Hallenboden wird gespielt, mit bunten Schl\u00e4gern, die am Ende eine gekr\u00fcmmte d\u00fcnne Kelle aus Kunststoff haben. Der <br \/>Kunststoffball hat L\u00f6cher. Es gibt sechs Anspielpunkte auf dem Feld, zwei Strafb\u00e4nke und zwei Spielerb\u00e4nke. Fr\u00fcher hie\u00df das <br \/>Spiel lange Unihockey, l\u00e4nger schon hei\u00dft es nun Floorball.<\/p>","_et_gb_content_width":"","footnotes":""},"class_list":["post-41","page","type-page","status-publish","hentry"],"_links":{"self":[{"href":"https:\/\/floorball.vfl-platte-heide.de\/index.php?rest_route=\/wp\/v2\/pages\/41","targetHints":{"allow":["GET"]}}],"collection":[{"href":"https:\/\/floorball.vfl-platte-heide.de\/index.php?rest_route=\/wp\/v2\/pages"}],"about":[{"href":"https:\/\/floorball.vfl-platte-heide.de\/index.php?rest_route=\/wp\/v2\/types\/page"}],"author":[{"embeddable":true,"href":"https:\/\/floorball.vfl-platte-heide.de\/index.php?rest_route=\/wp\/v2\/users\/2"}],"replies":[{"embeddable":true,"href":"https:\/\/floorball.vfl-platte-heide.de\/index.php?rest_route=%2Fwp%2Fv2%2Fcomments&post=41"}],"version-history":[{"count":3,"href":"https:\/\/floorball.vfl-platte-heide.de\/index.php?rest_route=\/wp\/v2\/pages\/41\/revisions"}],"predecessor-version":[{"id":667,"href":"https:\/\/floorball.vfl-platte-heide.de\/index.php?rest_route=\/wp\/v2\/pages\/41\/revisions\/667"}],"wp:attachment":[{"href":"https:\/\/floorball.vfl-platte-heide.de\/index.php?rest_route=%2Fwp%2Fv2%2Fmedia&parent=41"}],"curies":[{"name":"wp","href":"https:\/\/api.w.org\/{rel}","templated":true}]}}